{"id":29,"date":"2019-04-20T16:16:52","date_gmt":"2019-04-20T16:16:52","guid":{"rendered":"https:\/\/floriankreutzkam.de\/?page_id=29"},"modified":"2019-04-20T17:42:09","modified_gmt":"2019-04-20T17:42:09","slug":"usa","status":"publish","type":"page","link":"https:\/\/floriankreutzkam.de\/?page_id=29","title":{"rendered":"USA"},"content":{"rendered":"\n<figure class=\"wp-block-embed-youtube wp-block-embed is-type-video is-provider-youtube wp-embed-aspect-16-9 wp-has-aspect-ratio\"><div class=\"wp-block-embed__wrapper\">\n<iframe loading=\"lazy\"  id=\"_ytid_47166\"  width=\"640\" height=\"360\"  data-origwidth=\"640\" data-origheight=\"360\" src=\"https:\/\/www.youtube.com\/embed\/3DL6TXH0UMo?enablejsapi=1&#038;autoplay=0&#038;cc_load_policy=0&#038;cc_lang_pref=&#038;iv_load_policy=1&#038;loop=0&#038;rel=1&#038;fs=1&#038;playsinline=0&#038;autohide=2&#038;theme=dark&#038;color=red&#038;controls=1&#038;disablekb=0&#038;\" class=\"__youtube_prefs__  epyt-is-override  no-lazyload\" title=\"YouTube player\"  allow=\"fullscreen; accelerometer; autoplay; clipboard-write; encrypted-media; gyroscope; picture-in-picture; web-share\" referrerpolicy=\"strict-origin-when-cross-origin\" allowfullscreen data-no-lazy=\"1\" data-skipgform_ajax_framebjll=\"\"><\/iframe>\n<\/div><figcaption>Gerne w\u00e4re ich rund um Seattle noch mehr geflogen, aber leider lie\u00dfen das die vielen Flugpl\u00e4tze und die strengen Regularien der USA nicht zu. Da half auch die notwendige Registrierung bei der FAA nicht, die ich nat\u00fcrlich ordnungsgem\u00e4\u00df durchgef\u00fchrt habe.<\/figcaption><\/figure>\n","protected":false},"excerpt":{"rendered":"","protected":false},"author":1,"featured_media":0,"parent":0,"menu_order":0,"comment_status":"closed","ping_status":"closed","template":"","meta":{"_monsterinsights_skip_tracking":false,"_monsterinsights_sitenote_active":false,"_monsterinsights_sitenote_note":"","_monsterinsights_sitenote_category":0,"footnotes":""},"class_list":["post-29","page","type-page","status-publish","hentry"],"_links":{"self":[{"href":"https:\/\/floriankreutzkam.de\/index.php?rest_route=\/wp\/v2\/pages\/29","targetHints":{"allow":["GET"]}}],"collection":[{"href":"https:\/\/floriankreutzkam.de\/index.php?rest_route=\/wp\/v2\/pages"}],"about":[{"href":"https:\/\/floriankreutzkam.de\/index.php?rest_route=\/wp\/v2\/types\/page"}],"author":[{"embeddable":true,"href":"https:\/\/floriankreutzkam.de\/index.php?rest_route=\/wp\/v2\/users\/1"}],"replies":[{"embeddable":true,"href":"https:\/\/floriankreutzkam.de\/index.php?rest_route=%2Fwp%2Fv2%2Fcomments&post=29"}],"version-history":[{"count":2,"href":"https:\/\/floriankreutzkam.de\/index.php?rest_route=\/wp\/v2\/pages\/29\/revisions"}],"predecessor-version":[{"id":72,"href":"https:\/\/floriankreutzkam.de\/index.php?rest_route=\/wp\/v2\/pages\/29\/revisions\/72"}],"wp:attachment":[{"href":"https:\/\/floriankreutzkam.de\/index.php?rest_route=%2Fwp%2Fv2%2Fmedia&parent=29"}],"curies":[{"name":"wp","href":"https:\/\/api.w.org\/{rel}","templated":true}]}}